{"id":50686,"date":"2022-02-02T14:19:49","date_gmt":"2022-02-02T13:19:49","guid":{"rendered":"https:\/\/www.groupe-briconord.com\/de-groep\/"},"modified":"2023-04-13T09:01:20","modified_gmt":"2023-04-13T07:01:20","slug":"groep","status":"publish","type":"page","link":"https:\/\/www.groupe-briconord.com\/nl\/groep\/","title":{"rendered":"Group"},"content":{"rendered":"<p>[vc_row content_placement=&#8221;middle&#8221; css_animation=&#8221;fadeIn&#8221; css=&#8221;.vc_custom_1638974980675{padding-top: 50px !important;padding-bottom: 20px !important;}&#8221;][vc_column]<div id=\"ultimate-heading-771269ea4ecfc88a0\" class=\"uvc-heading ult-adjust-bottom-margin ultimate-heading-771269ea4ecfc88a0 uvc-7240 accent-border-color\" data-hspacer=\"line_only\"  data-halign=\"center\" style=\"text-align:center\"><div class=\"uvc-main-heading ult-responsive\"  data-ultimate-target='.uvc-heading.ultimate-heading-771269ea4ecfc88a0 h2'  data-responsive-json-new='{\"font-size\":\"desktop:40px;\",\"line-height\":\"desktop:46px;\"}' ><h2 style=\"--font-weight:theme;margin-bottom:15px;\">In een paar woorden<\/h2><\/div><div class=\"uvc-heading-spacer line_only\" style=\"topheight:5px;\"><span class=\"uvc-headings-line\" style=\"border-style:solid;border-bottom-width:5px;border-color:#ccc;width:200px;\"><\/span><\/div><\/div>[vc_empty_space height=&#8221;50px&#8221;][vc_column_text]<\/p>\n<p style=\"text-align: center;\">De Briconord Group biedt een breed scala aan producten en accessoires, waaronder meer dan 30.000 artikelen op het gebied van keukens, vloeren en wanden, binnenschrijnwerk, huisbeveiliging, schroeven en bevestigingsmiddelen, en bouw- en inrichtingsbeslag. . Elk van onze vijf bedrijven heeft zijn eigen expertisegebied en heeft in de loop der tijd een sterke reputatie opgebouwd bij de grote doe-het-zelf- en handelsdistributeurs. Al onze producten worden in eigen beheer ontworpen en ontwikkeld en spelen in op marktontwikkelingen en klanteneisen.<\/p>\n<p>[\/vc_column_text][\/vc_column][\/vc_row][vc_row css_animation=&#8221;fadeIn&#8221;][vc_column width=&#8221;1\/4&#8243; offset=&#8221;vc_col-lg-3 vc_col-md-3&#8243; css=&#8221;.vc_custom_1495112577073{padding-bottom: 50px !important;}&#8221;]<div class=\"aio-icon-component  vc_custom_1638971491244  accent-icon-bg style_1\"><div id=\"Info-box-wrap-7040\" class=\"aio-icon-box top-icon\" style=\"\"  ><div class=\"aio-icon-top\"><div class=\"ult-just-icon-wrapper  \"><div class=\"align-icon\" style=\"text-align:center;\">\n<div class=\"aio-icon circle \"  style=\"color:#ffffff;font-size:32px;display:inline-block;\">\n\t<i class=\"fas fa-school\"><\/i>\n<\/div><\/div><\/div><\/div><div class=\"aio-icon-header\" ><h3 class=\"aio-icon-title ult-responsive\"  data-ultimate-target='#Info-box-wrap-7040 .aio-icon-title'  data-responsive-json-new='{\"font-size\":\"desktop:20px;\",\"line-height\":\"desktop:30px;\"}'  style=\"\">5 ONDERNEMINGEN<\/h3><\/div> <!-- header --><div class=\"aio-icon-description ult-responsive\"  data-ultimate-target='#Info-box-wrap-7040 .aio-icon-description'  data-responsive-json-new='{\"font-size\":\"\",\"line-height\":\"\"}'  style=\"\">met merken die experts zijn op hun gebied<\/div> <!-- description --><\/div> <!-- aio-icon-box --><\/div> <!-- aio-icon-component -->[\/vc_column][vc_column width=&#8221;1\/4&#8243; offset=&#8221;vc_col-lg-3 vc_col-md-3&#8243; css=&#8221;.vc_custom_1495112570142{padding-bottom: 50px !important;}&#8221;]<div class=\"aio-icon-component  vc_custom_1642424065215  accent-icon-bg style_1\"><div id=\"Info-box-wrap-8529\" class=\"aio-icon-box top-icon\" style=\"\"  ><div class=\"aio-icon-top\"><div class=\"ult-just-icon-wrapper  \"><div class=\"align-icon\" style=\"text-align:center;\">\n<div class=\"aio-icon circle \"  style=\"color:#ffffff;font-size:32px;display:inline-block;\">\n\t<i class=\"fas fa-globe-americas\"><\/i>\n<\/div><\/div><\/div><\/div><div class=\"aio-icon-header\" ><h3 class=\"aio-icon-title ult-responsive\"  data-ultimate-target='#Info-box-wrap-8529 .aio-icon-title'  data-responsive-json-new='{\"font-size\":\"desktop:20px;\",\"line-height\":\"desktop:30px;\"}'  style=\"\">16 LANDEN<\/h3><\/div> <!-- header --><div class=\"aio-icon-description ult-responsive\"  data-ultimate-target='#Info-box-wrap-8529 .aio-icon-description'  data-responsive-json-new='{\"font-size\":\"\",\"line-height\":\"\"}'  style=\"\">89M \u20ac omzet<br \/>\nwaarvan \u20ac20M voor export<\/div> <!-- description --><\/div> <!-- aio-icon-box --><\/div> <!-- aio-icon-component -->[\/vc_column][vc_column width=&#8221;1\/4&#8243;]<div class=\"aio-icon-component  vc_custom_1641827737274  accent-icon-bg style_1\"><div id=\"Info-box-wrap-5964\" class=\"aio-icon-box top-icon\" style=\"\"  ><div class=\"aio-icon-top\"><div class=\"ult-just-icon-wrapper  \"><div class=\"align-icon\" style=\"text-align:center;\">\n<div class=\"aio-icon circle \"  style=\"color:#ffffff;font-size:32px;display:inline-block;\">\n\t<i class=\"icomoon-the7-font-the7-login-021\"><\/i>\n<\/div><\/div><\/div><\/div><div class=\"aio-icon-header\" ><h3 class=\"aio-icon-title ult-responsive\"  data-ultimate-target='#Info-box-wrap-5964 .aio-icon-title'  data-responsive-json-new='{\"font-size\":\"desktop:20px;\",\"line-height\":\"desktop:30px;\"}'  style=\"\">310 WERKNEMERS<\/h3><\/div> <!-- header --><div class=\"aio-icon-description ult-responsive\"  data-ultimate-target='#Info-box-wrap-5964 .aio-icon-description'  data-responsive-json-new='{\"font-size\":\"\",\"line-height\":\"\"}'  style=\"\">Een knowhow die de kwaliteit van onze producten garandeert<\/div> <!-- description --><\/div> <!-- aio-icon-box --><\/div> <!-- aio-icon-component -->[\/vc_column][vc_column width=&#8221;1\/4&#8243;]<div class=\"aio-icon-component  vc_custom_1634544487611  accent-icon-bg style_1\"><div id=\"Info-box-wrap-5725\" class=\"aio-icon-box top-icon\" style=\"\"  ><div class=\"aio-icon-top\"><div class=\"ult-just-icon-wrapper  \"><div class=\"align-icon\" style=\"text-align:center;\">\n<div class=\"aio-icon circle \"  style=\"color:#ffffff;font-size:32px;display:inline-block;\">\n\t<i class=\"icomoon-the7-font-the7-cart-12\"><\/i>\n<\/div><\/div><\/div><\/div><div class=\"aio-icon-header\" ><h3 class=\"aio-icon-title ult-responsive\"  data-ultimate-target='#Info-box-wrap-5725 .aio-icon-title'  data-responsive-json-new='{\"font-size\":\"desktop:20px;\",\"line-height\":\"desktop:30px;\"}'  style=\"\">30 000 REFERENTIES<\/h3><\/div> <!-- header --><div class=\"aio-icon-description ult-responsive\"  data-ultimate-target='#Info-box-wrap-5725 .aio-icon-description'  data-responsive-json-new='{\"font-size\":\"\",\"line-height\":\"\"}'  style=\"\">Oplossingen voor alle huisverbeteringsprojecten<\/div> <!-- description --><\/div> <!-- aio-icon-box --><\/div> <!-- aio-icon-component -->[\/vc_column][\/vc_row][vc_row content_placement=&#8221;middle&#8221; css_animation=&#8221;fadeIn&#8221;][vc_column width=&#8221;2\/3&#8243;]<div class=\"dt-fancy-separator title-left title-color\" style=\"width: 100%;\"><div class=\"dt-fancy-title\"><span class=\"separator-holder separator-left\"><\/span>Een woord van de President<span class=\"separator-holder separator-right\"><\/span><\/div><\/div>[vc_empty_space][vc_column_text]De combinatie van onze sterke punten, de alliantie van onze bedrijven en onze nieuwe groepsidentiteit stellen ons in staat onze impact op onze markten voortdurend te verbeteren. Terwijl de identiteit van elk van onze merken tot uitdrukking komt, draagt de Groep een dynamische gemeenschappelijke basis uit die het vertrouwen van onze klanten en prospects versterkt.[\/vc_column_text][vc_column_text]<\/p>\n<p style=\"text-align: right;\"><em>Christian Guillou<\/em><\/p>\n<p>[\/vc_column_text][\/vc_column][vc_column width=&#8221;1\/3&#8243;][vc_single_image image=&#8221;50098&#8243; img_size=&#8221;300&#215;300&#8243;][\/vc_column][\/vc_row][vc_row content_placement=&#8221;middle&#8221; css_animation=&#8221;fadeIn&#8221; bg_type=&#8221;bg_color&#8221; bg_override=&#8221;full&#8221; bg_color_value=&#8221;#efefef&#8221; css=&#8221;.vc_custom_1638975005507{padding-top: 70px !important;padding-bottom: 70px !important;}&#8221;][vc_column]<div class=\"dt-fancy-separator title-color\" style=\"width: 100%;\"><div class=\"dt-fancy-title\"><span class=\"separator-holder separator-left\"><\/span>Ons verhaal<span class=\"separator-holder separator-right\"><\/span><\/div><\/div>[vc_empty_space height=&#8221;50px&#8221;]<div class=\"standard-arrow list-divider bullet-top\"><ul>\n<li><span style=\"color: #c70000;\"><strong>1930 <\/strong>&gt;&gt;<\/span> Leo Nordlinger start zijn fineer en kantenband bedrijf<\/li>\n<li><span style=\"color: #c70000;\"><strong>1950<\/strong> &gt;&gt;<\/span>Het bedrijf wordt officieel omgedoopt tot Briconord met als hoofdmerk Nordlinger Pro<\/li>\n<li><span style=\"color: #c70000;\"><strong>2011<\/strong> &gt;&gt;<\/span>Familie Nordlinger verkoopt Briconord en haar merken aan Evolem<\/li>\n<li><span style=\"color: #c70000;\"><strong>2015<\/strong> &gt;&gt;<\/span>Overname door Christian Guillou, gesteund door Amundi en Soci\u00e9t\u00e9 G\u00e9n\u00e9rale<\/li>\n<li><span style=\"color: #c70000;\"><strong>2019<\/strong> &gt;&gt;<\/span>Mac Lean Products sluit zich aan bij de Briconord Group met een complementair productgamma<\/li>\n<li><span style=\"color: #c70000;\"><strong>2020<\/strong> &gt;&gt;<\/span>Siparex en Initiative &amp; Finance nemen een belang in de onderneming om de groei voort te zetten en te versnellen<\/li>\n<li><span style=\"color: #c70000;\"><strong>2021<\/strong> &gt;&gt;<\/span>Norail, Interges.com en EasyProtec treden toe tot de Briconord Groep<\/li>\n<\/ul>\n<\/div>[\/vc_column][\/vc_row][vc_row css_animation=&#8221;fadeIn&#8221;][vc_column][vc_single_image image=&#8221;50138&#8243; img_size=&#8221;large&#8221; alignment=&#8221;center&#8221;][\/vc_column][\/vc_row][vc_row css_animation=&#8221;fadeIn&#8221; css=&#8221;.vc_custom_1640257222956{padding-bottom: 40px !important;}&#8221;][vc_column][vc_custom_heading text=&#8221;Oplossingen voor alle projecten<br \/>\nontwikkeling en woningverbetering&#8221; font_container=&#8221;tag:h2|font_size:32|text_align:center|color:%23dd3333&#8243; google_fonts=&#8221;font_family:Montserrat%3Aregular%2C700|font_style:700%20bold%20regular%3A700%3Anormal&#8221;][vc_empty_space height=&#8221;20px&#8221;][vc_column_text]<\/p>\n<p style=\"text-align: center;\">Om onze producten te ontwikkelen, voeren wij systematisch een marktstudie uit met een analyse van de behoeften van professionals en particulieren. Vervolgens voeren wij het ontwerp uit door onze eigen ontwerpbureaus en certificeren wij de nieuwe produkten door een beroep te doen op onafhankelijke laboratoria om technische goedkeuringen te verkrijgen alvorens de produktie op gang te brengen. Wij ontwikkelen de verpakking en de opslag van de producten in onze magazijnen, die zijn ontworpen volgens beproefde Lean Management-methoden. Onze verkoopteams staan voortdurend in contact met de doe-het-zelf- en handelsketens om zo goed mogelijk aan hun behoeften te voldoen. Voor de verschillende productassortimenten zijn verkoophulpmiddelen beschikbaar om merchandising, schapdisplay, promotie en opleiding te vergemakkelijken.<\/p>\n<p>[\/vc_column_text][\/vc_column][\/vc_row][vc_row][vc_column width=&#8221;1\/3&#8243;][vc_single_image image=&#8221;50107&#8243; img_size=&#8221;full&#8221;][vc_column_text]<strong>360\u00b0 PRESENTIE<\/strong><\/p>\n<p>Een breed actieterrein en een focus op de 360\u00b0-klantervaring, versterkt door een sterke digitale aanwezigheid.<\/p>\n<p>Een breed gamma van producten die in heel Europa worden verkocht.<\/p>\n<p>Product- en dienstinnovaties voor elk van onze gamma&#8217;s.[\/vc_column_text][\/vc_column][vc_column width=&#8221;1\/3&#8243;][vc_single_image image=&#8221;50108&#8243; img_size=&#8221;full&#8221;][vc_column_text]<strong>SAMENLEVING EN LEREN <\/strong><\/p>\n<p>Knowhow met steeds effici\u00ebntere en wendbaardere teams.<\/p>\n<p>Een kwaliteits employer brand voor het welzijn van de werknemers.<\/p>\n<p>Gezamenlijke projecten met gepassioneerde en deskundige teams.[\/vc_column_text][\/vc_column][vc_column width=&#8221;1\/3&#8243;][vc_single_image image=&#8221;50256&#8243; img_size=&#8221;full&#8221;][vc_column_text]<strong>MILIEU<\/strong><\/p>\n<p>\u2022 Oplossingen voor duurzame ontwikkeling.<\/p>\n<p>\u2022 Gemakkelijk recycleerbare verpakking voor al onze producten.<\/p>\n<p>\u2022 FSC- of PEFC-certificering voor alle producten op houtbasis.[\/vc_column_text][\/vc_column][\/vc_row][vc_row][vc_column][vc_empty_space height=&#8221;70px&#8221;][\/vc_column][\/vc_row]<\/p>\n","protected":false},"excerpt":{"rendered":"<p>[vc_row content_placement=&#8221;middle&#8221; css_animation=&#8221;fadeIn&#8221; css=&#8221;.vc_custom_1638974980675{padding-top: 50px !important;padding-bottom: 20px !important;}&#8221;][vc_column][vc_empty_space height=&#8221;50px&#8221;][vc_column_text] De Briconord Group biedt een breed scala aan producten en accessoires, waaronder meer dan 30.000 artikelen op het gebied van keukens, vloeren en wanden, binnenschrijnwerk, huisbeveiliging, schroeven en bevestigingsmiddelen, en bouw- en inrichtingsbeslag. . Elk van onze vijf bedrijven heeft zijn eigen expertisegebied en heeft in&hellip;<\/p>\n","protected":false},"author":1,"featured_media":0,"parent":0,"menu_order":0,"comment_status":"closed","ping_status":"closed","template":"","meta":{"inline_featured_image":false},"_links":{"self":[{"href":"https:\/\/www.groupe-briconord.com\/nl\/wp-json\/wp\/v2\/pages\/50686"}],"collection":[{"href":"https:\/\/www.groupe-briconord.com\/nl\/wp-json\/wp\/v2\/pages"}],"about":[{"href":"https:\/\/www.groupe-briconord.com\/nl\/wp-json\/wp\/v2\/types\/page"}],"author":[{"embeddable":true,"href":"https:\/\/www.groupe-briconord.com\/nl\/wp-json\/wp\/v2\/users\/1"}],"replies":[{"embeddable":true,"href":"https:\/\/www.groupe-briconord.com\/nl\/wp-json\/wp\/v2\/comments?post=50686"}],"version-history":[{"count":15,"href":"https:\/\/www.groupe-briconord.com\/nl\/wp-json\/wp\/v2\/pages\/50686\/revisions"}],"predecessor-version":[{"id":51048,"href":"https:\/\/www.groupe-briconord.com\/nl\/wp-json\/wp\/v2\/pages\/50686\/revisions\/51048"}],"wp:attachment":[{"href":"https:\/\/www.groupe-briconord.com\/nl\/wp-json\/wp\/v2\/media?parent=50686"}],"curies":[{"name":"wp","href":"https:\/\/api.w.org\/{rel}","templated":true}]}}